{"id":3744,"date":"2025-02-26T16:47:04","date_gmt":"2025-02-26T14:47:04","guid":{"rendered":"https:\/\/complexlacasa.com\/?post_type=product&#038;p=3744"},"modified":"2026-01-07T10:49:56","modified_gmt":"2026-01-07T08:49:56","slug":"wohnung-1","status":"publish","type":"product","link":"https:\/\/complexlacasa.com\/de\/product\/wohnung-1\/","title":{"rendered":"LaCasa wohnung 1"},"content":{"rendered":"\t\t<div data-elementor-type=\"wp-post\" data-elementor-id=\"3744\" class=\"elementor elementor-3744 elementor-3232\" data-elementor-post-type=\"product\">\n\t\t\t\t<div class=\"elementor-element elementor-element-52253755 e-flex e-con-boxed e-con e-parent\" data-id=\"52253755\" data-element_type=\"container\" data-e-type=\"container\" id=\"about\">\n\t\t\t\t\t<div class=\"e-con-inner\">\n\t\t<div class=\"elementor-element elementor-element-368abdf1 e-con-full e-flex e-con e-child\" data-id=\"368abdf1\" data-element_type=\"container\" data-e-type=\"container\">\n\t\t\t\t<div class=\"elementor-element elementor-element-7d6bc2d1 elementor-widget elementor-widget-patara-star-rating\" data-id=\"7d6bc2d1\" data-element_type=\"widget\" data-e-type=\"widget\" data-widget_type=\"patara-star-rating.default\">\n\t\t\t\t<div class=\"elementor-widget-container\">\n\t\t\t\t\t\t\t\n\t\t\t\n\n            \t\t\n\n\t\t\t\t\t\t<div class=\"text-left\">\n\t\t\t\t<span>\n\t\t\t\t\t<i class=\"patara-star-rating\"><\/i>\n\t\t\t\t\t<i class=\"patara-star-rating\"><\/i>\n\t\t\t\t\t<i class=\"patara-star-rating\"><\/i>\n\t\t\t\t<\/span>\t\n\t\t\t<\/div>\t\t\t\t\t\t\t\t\t\t\t\t\n\t\t\t\t\t\t\n\t\t\t\n\t\t\t\n\t\t\t\n        \t\t\t\t<\/div>\n\t\t\t\t<\/div>\n\t\t\t\t<div class=\"elementor-element elementor-element-a291970 elementor-widget elementor-widget-woocommerce-product-title elementor-page-title elementor-widget-heading\" data-id=\"a291970\" data-element_type=\"widget\" data-e-type=\"widget\" data-widget_type=\"woocommerce-product-title.default\">\n\t\t\t\t<div class=\"elementor-widget-container\">\n\t\t\t\t\t<h1 class=\"product_title entry-title elementor-heading-title elementor-size-default\">LaCasa wohnung 1<\/h1>\t\t\t\t<\/div>\n\t\t\t\t<\/div>\n\t\t\t\t<div class=\"elementor-element elementor-element-a2797d elementor-widget elementor-widget-patara-text\" data-id=\"a2797d\" data-element_type=\"widget\" data-e-type=\"widget\" data-widget_type=\"patara-text.default\">\n\t\t\t\t<div class=\"elementor-widget-container\">\n\t\t\t\t\t\t\t\n\t\t<div class=\"section-text text-left black\"><p class=\"mb-30\"><\/p><\/div>\n\t\t\n\t\t\t\n        \t\t\t\t<\/div>\n\t\t\t\t<\/div>\n\t\t\t\t<\/div>\n\t\t<div class=\"elementor-element elementor-element-0c8fec5 e-con-full e-flex e-con e-child\" data-id=\"0c8fec5\" data-element_type=\"container\" data-e-type=\"container\">\n\t\t<div class=\"elementor-element elementor-element-6c01bab e-con-full e-flex e-con e-child\" data-id=\"6c01bab\" data-element_type=\"container\" data-e-type=\"container\" data-settings=\"{&quot;background_background&quot;:&quot;classic&quot;}\">\n\t\t\t\t<div class=\"elementor-element elementor-element-14f6e3d elementor-widget elementor-widget-text-editor\" data-id=\"14f6e3d\" data-element_type=\"widget\" data-e-type=\"widget\" data-widget_type=\"text-editor.default\">\n\t\t\t\t<div class=\"elementor-widget-container\">\n\t\t\t\t\t\t\t\t\t<p>aus<\/p>\t\t\t\t\t\t\t\t<\/div>\n\t\t\t\t<\/div>\n\t\t\t\t<div class=\"elementor-element elementor-element-9481430 elementor-widget__width-auto elementor-widget elementor-widget-woocommerce-product-price\" data-id=\"9481430\" data-element_type=\"widget\" data-e-type=\"widget\" data-widget_type=\"woocommerce-product-price.default\">\n\t\t\t\t<div class=\"elementor-widget-container\">\n\t\t\t\t\t<p class=\"price\"><span class=\"woocommerce-Price-amount amount\"><bdi>45,00&nbsp;<span class=\"woocommerce-Price-currencySymbol\">&euro;<\/span><\/bdi><\/span><\/p>\n\t\t\t\t<\/div>\n\t\t\t\t<\/div>\n\t\t\t\t<\/div>\n\t\t\t\t<div class=\"elementor-element elementor-element-9d600d9 elementor-widget elementor-widget-template\" data-id=\"9d600d9\" data-element_type=\"widget\" data-e-type=\"widget\" data-widget_type=\"template.default\">\n\t\t\t\t<div class=\"elementor-widget-container\">\n\t\t\t\t\t\t\t<div class=\"elementor-template\">\n\t\t\t\t\t<div data-elementor-type=\"section\" data-elementor-id=\"3888\" class=\"elementor elementor-3888 elementor-3870 elementor-3870\" data-elementor-post-type=\"elementor_library\">\n\t\t\t<div class=\"elementor-element elementor-element-2c47317 e-flex e-con-boxed e-con e-parent\" data-id=\"2c47317\" data-element_type=\"container\" data-e-type=\"container\">\n\t\t\t\t\t<div class=\"e-con-inner\">\n\t\t\t\t<div class=\"elementor-element elementor-element-ffbe847 elementor-button-align-stretch elementor-widget elementor-widget-form\" data-id=\"ffbe847\" data-element_type=\"widget\" data-e-type=\"widget\" data-settings=\"{&quot;step_next_label&quot;:&quot;\\u0421\\u043b\\u0435\\u0434\\u0432\\u0430\\u0449\\u0430&quot;,&quot;step_previous_label&quot;:&quot;\\u041f\\u0440\\u0435\\u0434\\u0438\\u0448\\u043d\\u0430&quot;,&quot;button_width&quot;:&quot;100&quot;,&quot;step_type&quot;:&quot;number_text&quot;,&quot;step_icon_shape&quot;:&quot;circle&quot;}\" data-widget_type=\"form.default\">\n\t\t\t\t<div class=\"elementor-widget-container\">\n\t\t\t\t\t\t\t<form class=\"elementor-form\" method=\"post\" name=\"New form\" aria-label=\"New form\">\n\t\t\t<input type=\"hidden\" name=\"post_id\" value=\"3888\"\/>\n\t\t\t<input type=\"hidden\" name=\"form_id\" value=\"ffbe847\"\/>\n\t\t\t<input type=\"hidden\" name=\"referer_title\" value=\"LaCasa wohnung 2 - Complex LaCasa\" \/>\n\n\t\t\t\t\t\t\t<input type=\"hidden\" name=\"queried_id\" value=\"3719\"\/>\n\t\t\t\n\t\t\t<div class=\"elementor-form-fields-wrapper elementor-labels-above\">\n\t\t\t\t\t\t\t\t<div class=\"elementor-field-type-date elementor-field-group elementor-column elementor-field-group-date_in elementor-col-50 elementor-field-required\">\n\t\t\t\t\t\t\t\t\t\t\t\t<label for=\"form-field-date_in\" class=\"elementor-field-label\">\n\t\t\t\t\t\t\t\tCheck-in\t\t\t\t\t\t\t<\/label>\n\t\t\t\t\t\t\n\t\t<input type=\"date\" name=\"form_fields[date_in]\" id=\"form-field-date_in\" class=\"elementor-field elementor-size-sm  elementor-field-textual elementor-date-field\" placeholder=\"Check-in\" required=\"required\" pattern=\"[0-9]{4}-[0-9]{2}-[0-9]{2}\">\n\t\t\t\t\t\t<\/div>\n\t\t\t\t\t\t\t\t<div class=\"elementor-field-type-date elementor-field-group elementor-column elementor-field-group-date_out elementor-col-50 elementor-field-required\">\n\t\t\t\t\t\t\t\t\t\t\t\t<label for=\"form-field-date_out\" class=\"elementor-field-label\">\n\t\t\t\t\t\t\t\tCheck-out\t\t\t\t\t\t\t<\/label>\n\t\t\t\t\t\t\n\t\t<input type=\"date\" name=\"form_fields[date_out]\" id=\"form-field-date_out\" class=\"elementor-field elementor-size-sm  elementor-field-textual elementor-date-field\" placeholder=\"Check-out\" required=\"required\" pattern=\"[0-9]{4}-[0-9]{2}-[0-9]{2}\">\n\t\t\t\t\t\t<\/div>\n\t\t\t\t\t\t\t\t<div class=\"elementor-field-type-select elementor-field-group elementor-column elementor-field-group-adults elementor-col-100 elementor-field-required\">\n\t\t\t\t\t\t\t\t\t\t\t\t<label for=\"form-field-adults\" class=\"elementor-field-label\">\n\t\t\t\t\t\t\t\tG\u00e4ste\t\t\t\t\t\t\t<\/label>\n\t\t\t\t\t\t\t\t<div class=\"elementor-field elementor-select-wrapper remove-before \">\n\t\t\t<div class=\"select-caret-down-wrapper\">\n\t\t\t\t<svg aria-hidden=\"true\" class=\"e-font-icon-svg e-eicon-caret-down\" viewBox=\"0 0 571.4 571.4\" xmlns=\"http:\/\/www.w3.org\/2000\/svg\"><path d=\"M571 393Q571 407 561 418L311 668Q300 679 286 679T261 668L11 418Q0 407 0 393T11 368 36 357H536Q550 357 561 368T571 393Z\"><\/path><\/svg>\t\t\t<\/div>\n\t\t\t<select name=\"form_fields[adults]\" id=\"form-field-adults\" class=\"elementor-field-textual elementor-size-sm\" required=\"required\">\n\t\t\t\t\t\t\t\t\t<option value=\"0\">0<\/option>\n\t\t\t\t\t\t\t\t\t<option value=\"1\">1<\/option>\n\t\t\t\t\t\t\t\t\t<option value=\"2\">2<\/option>\n\t\t\t\t\t\t\t\t\t<option value=\"3\">3<\/option>\n\t\t\t\t\t\t\t\t\t<option value=\"4\">4<\/option>\n\t\t\t\t\t\t\t<\/select>\n\t\t<\/div>\n\t\t\t\t\t\t<\/div>\n\t\t\t\t\t\t\t\t<div class=\"elementor-field-type-text elementor-field-group elementor-column elementor-field-group-names elementor-col-50 elementor-field-required\">\n\t\t\t\t\t\t\t\t\t\t\t\t<label for=\"form-field-names\" class=\"elementor-field-label\">\n\t\t\t\t\t\t\t\tNamen\t\t\t\t\t\t\t<\/label>\n\t\t\t\t\t\t\t\t\t\t\t\t\t\t<input size=\"1\" type=\"text\" name=\"form_fields[names]\" id=\"form-field-names\" class=\"elementor-field elementor-size-sm  elementor-field-textual\" placeholder=\"Namen\" required=\"required\">\n\t\t\t\t\t\t\t\t\t\t\t<\/div>\n\t\t\t\t\t\t\t\t<div class=\"elementor-field-type-tel elementor-field-group elementor-column elementor-field-group-phone_number elementor-col-50 elementor-field-required\">\n\t\t\t\t\t\t\t\t\t\t\t\t<label for=\"form-field-phone_number\" class=\"elementor-field-label\">\n\t\t\t\t\t\t\t\tTelefonnummer\t\t\t\t\t\t\t<\/label>\n\t\t\t\t\t\t\t\t<input size=\"1\" type=\"tel\" name=\"form_fields[phone_number]\" id=\"form-field-phone_number\" class=\"elementor-field elementor-size-sm  elementor-field-textual\" placeholder=\"Telefonnummer\" required=\"required\" pattern=\"[0-9()#&amp;+*-=.]+\" title=\"Nur Nummern oder Telefon-Zeichen (#, -, *, etc) werden akzeptiert.\">\n\n\t\t\t\t\t\t<\/div>\n\t\t\t\t\t\t\t\t<div class=\"elementor-field-type-email elementor-field-group elementor-column elementor-field-group-email elementor-col-100 elementor-field-required\">\n\t\t\t\t\t\t\t\t\t\t\t\t<label for=\"form-field-email\" class=\"elementor-field-label\">\n\t\t\t\t\t\t\t\tEmail\t\t\t\t\t\t\t<\/label>\n\t\t\t\t\t\t\t\t\t\t\t\t\t\t<input size=\"1\" type=\"email\" name=\"form_fields[email]\" id=\"form-field-email\" class=\"elementor-field elementor-size-sm  elementor-field-textual\" placeholder=\"Email\" required=\"required\">\n\t\t\t\t\t\t\t\t\t\t\t<\/div>\n\t\t\t\t\t\t\t\t<div class=\"elementor-field-type-textarea elementor-field-group elementor-column elementor-field-group-additional_info elementor-col-100\">\n\t\t\t\t\t\t\t\t\t\t\t\t<label for=\"form-field-additional_info\" class=\"elementor-field-label\">\n\t\t\t\t\t\t\t\tWeitere Informationen\t\t\t\t\t\t\t<\/label>\n\t\t\t\t\t\t<textarea class=\"elementor-field-textual elementor-field  elementor-size-sm\" name=\"form_fields[additional_info]\" id=\"form-field-additional_info\" rows=\"4\" placeholder=\"Weitere Informationen\"><\/textarea>\t\t\t\t<\/div>\n\t\t\t\t\t\t\t\t<div class=\"elementor-field-type-hidden elementor-field-group elementor-column elementor-field-group-page_title elementor-col-100\">\n\t\t\t\t\t\t\t\t\t\t\t\t\t<input size=\"1\" type=\"hidden\" name=\"form_fields[page_title]\" id=\"form-field-page_title\" class=\"elementor-field elementor-size-sm  elementor-field-textual\">\n\t\t\t\t\t\t\t\t\t\t\t<\/div>\n\t\t\t\t\t\t\t\t<div class=\"elementor-field-group elementor-column elementor-field-type-submit elementor-col-100 e-form__buttons\">\n\t\t\t\t\t<button class=\"elementor-button elementor-size-sm\" type=\"submit\">\n\t\t\t\t\t\t<span class=\"elementor-button-content-wrapper\">\n\t\t\t\t\t\t\t\t\t\t\t\t\t\t\t\t\t\t\t\t\t\t<span class=\"elementor-button-text\">Angebot senden<\/span>\n\t\t\t\t\t\t\t\t\t\t\t\t\t<\/span>\n\t\t\t\t\t<\/button>\n\t\t\t\t<\/div>\n\t\t\t<\/div>\n\t\t<\/form>\n\t\t\t\t\t\t<\/div>\n\t\t\t\t<\/div>\n\t\t\t\t<div class=\"elementor-element elementor-element-8d0877c elementor-widget elementor-widget-html\" data-id=\"8d0877c\" data-element_type=\"widget\" data-e-type=\"widget\" data-widget_type=\"html.default\">\n\t\t\t\t<div class=\"elementor-widget-container\">\n\t\t\t\t\t<script>\njQuery(document).ready(function($) {\n    var pageTitle = document.title; \/\/ Get the current page title\n    $('input[name=\"form_fields[page_title]\"]').val(pageTitle); \/\/ Set the hidden field value\n});\n<\/script>\t\t\t\t<\/div>\n\t\t\t\t<\/div>\n\t\t\t\t\t<\/div>\n\t\t\t\t<\/div>\n\t\t\t\t<\/div>\n\t\t\t\t<\/div>\n\t\t\t\t\t\t<\/div>\n\t\t\t\t<\/div>\n\t\t\t\t<\/div>\n\t\t\t\t\t<\/div>\n\t\t\t\t<\/div>\n\t\t\t\t<\/div>\n\t\t","protected":false},"excerpt":{"rendered":"<p>Die City Apartments La Casa befinden sich im idealen Zentrum von Varna, nur 200 Meter von der Fu\u00dfg\u00e4ngerzone entfernt und 5 Gehminuten vom Kathedralen-Tempel, dem Meeresgarten, der Gemeinde und dem zentralen Strand.<\/p>\n<p>Sie befinden sich in einem neuen, modernen Geb\u00e4ude mit Aufzug und Zugangskontrolle und sind mit neuen, modernen M\u00f6beln und Ger\u00e4ten ausgestattet.<\/p>\n<p>F\u00fcr den Komfort der G\u00e4ste stehen Kabel-TV und kostenloses WLAN zur Verf\u00fcgung. Die K\u00fcchen sind vollst\u00e4ndig ausgestattet, einschlie\u00dflich Waschmaschine, Geschirrsp\u00fcler, Kaffeemaschine, Toaster und mehr.<\/p>\n<p>F\u00fcr gr\u00f6\u00dfere Gruppen besteht die M\u00f6glichkeit, die beiden Apartments zu kombinieren.<\/p>\n<p>Auf vorherige Anfrage kann ein Transfer von und zum Flughafen Varna organisiert werden.<\/p>\n<p>Address: Varna, region Odesos, str. Han Asparuh 8<\/p>\n","protected":false},"featured_media":4482,"comment_status":"open","ping_status":"closed","template":"","meta":{"inline_featured_image":false,"_links_to":"","_links_to_target":""},"product_brand":[],"product_cat":[77,76],"product_tag":[],"class_list":{"0":"post-3744","1":"product","2":"type-product","3":"status-publish","4":"has-post-thumbnail","6":"product_cat-city-lacasa-de","7":"product_cat-stadtwohnungen","9":"first","10":"instock","11":"shipping-taxable","12":"purchasable","13":"product-type-simple"},"meta_box":[],"_links":{"self":[{"href":"https:\/\/complexlacasa.com\/de\/wp-json\/wp\/v2\/product\/3744","targetHints":{"allow":["GET"]}}],"collection":[{"href":"https:\/\/complexlacasa.com\/de\/wp-json\/wp\/v2\/product"}],"about":[{"href":"https:\/\/complexlacasa.com\/de\/wp-json\/wp\/v2\/types\/product"}],"replies":[{"embeddable":true,"href":"https:\/\/complexlacasa.com\/de\/wp-json\/wp\/v2\/comments?post=3744"}],"version-history":[{"count":16,"href":"https:\/\/complexlacasa.com\/de\/wp-json\/wp\/v2\/product\/3744\/revisions"}],"predecessor-version":[{"id":5583,"href":"https:\/\/complexlacasa.com\/de\/wp-json\/wp\/v2\/product\/3744\/revisions\/5583"}],"wp:featuredmedia":[{"embeddable":true,"href":"https:\/\/complexlacasa.com\/de\/wp-json\/wp\/v2\/media\/4482"}],"wp:attachment":[{"href":"https:\/\/complexlacasa.com\/de\/wp-json\/wp\/v2\/media?parent=3744"}],"wp:term":[{"taxonomy":"product_brand","embeddable":true,"href":"https:\/\/complexlacasa.com\/de\/wp-json\/wp\/v2\/product_brand?post=3744"},{"taxonomy":"product_cat","embeddable":true,"href":"https:\/\/complexlacasa.com\/de\/wp-json\/wp\/v2\/product_cat?post=3744"},{"taxonomy":"product_tag","embeddable":true,"href":"https:\/\/complexlacasa.com\/de\/wp-json\/wp\/v2\/product_tag?post=3744"}],"curies":[{"name":"wp","href":"https:\/\/api.w.org\/{rel}","templated":true}]}}