{"id":3565,"date":"2025-01-10T16:12:34","date_gmt":"2025-01-10T14:12:34","guid":{"rendered":"https:\/\/complexlacasa.com\/?page_id=3565"},"modified":"2025-03-07T14:24:34","modified_gmt":"2025-03-07T12:24:34","slug":"rent-a-car","status":"publish","type":"page","link":"https:\/\/complexlacasa.com\/de\/rent-a-car\/","title":{"rendered":"Rent-a-car"},"content":{"rendered":"\t\t<div data-elementor-type=\"wp-page\" data-elementor-id=\"3565\" class=\"elementor elementor-3565 elementor-2565\" data-elementor-post-type=\"page\">\n\t\t\t\t<div class=\"elementor-element elementor-element-7ed881c6 e-con-full e-flex e-con e-parent\" data-id=\"7ed881c6\" data-element_type=\"container\" data-e-type=\"container\">\n\t\t\t\t<div class=\"elementor-element elementor-element-6e073773 elementor-widget elementor-widget-patara-banner-slider\" data-id=\"6e073773\" data-element_type=\"widget\" data-e-type=\"widget\" id=\"restaurant\" data-widget_type=\"patara-banner-slider.default\">\n\t\t\t\t<div class=\"elementor-widget-container\">\n\t\t\t\t\t\t\t<header class=\"header slider-fade cd-intro-type-slider\">\n\t\t\t<div class=\"owl-carousel owl-theme\" data-carousel-autoplay=\"false\" data-carousel-speed=\"500\" data-carousel-timeout=\"5000\" data-carousel-nav=\"true\" data-rtl=\"false\" data-carousel-dots=\"false\" data-carousel-dots-mobile=\"false\" >\n\t\t\t\t<!-- The opacity on the image is made with \"data-overlay-dark=\"number\". You can change it using the numbers 0-9 -->\n\t\t\t\t\t\t\t\t\t\t\t\t<div class=\"text-center item bg-img bg-img-c\" data-overlay-dark=\"2\" data-background=\"https:\/\/complexlacasa.com\/wp-content\/uploads\/2024\/12\/EFFECTS.jpg\">\n\t\t\t\t\n\t\t\t\t\t\t\t\t\t\t\t<div class=\"v-middle caption\">\n\t\t\t\t\t\t\t<div class=\"container\">\n\t\t\t\t\t\t\t\t<div class=\"row\">\n\t\t\t\t\t\t\t\t\t<div class=\"col-md-12 offset-0\">\n\t\t\t\t\t\t\t\t\t\t<div class=\"o-hidden\">\n\t\t\t\t\t\t\t\t\t\t    \t\t\t\t\t\t\t\t\t\t\t\n\t\t\t\t\t\t\t\t\t\t\t\t\t\t\t\t\t\t\t\t\t\t\n\t\t\t\t\t\t\t\t\t\t\t\t\t\t\t\t\t\t\t\t\t\t<h4 class=\"pt-slider-title1-class\">La Casa<\/h4>\n\t\t\t\t\t\t\t\t\t\t\t\t\t\t\t\t\t\t\t\t\t\t\t\t\t\t\t\t\t\t\t\t\t<h1 class=\"pt-slider-title2-class\">Rent-a-car<\/h1>\n\t\t\t\t\t\t\t\t\t\t\t\t\t\t\t\t\t\t\t\t\t\t\t\t\t\t\t\t\t\t\t\t<\/div>\n\t\t\t\t\t\t\t\t\t<\/div>\n\t\t\t\t\t\t\t\t<\/div>\n\t\t\t\t\t\t\t<\/div>\n\t\t\t\t\t\t<\/div>\n\t\t\t\t\t\t\t\t\t<\/div>\n\t\t\t\t\t\t\t\t\t\t\t\t\n\t\t\t<\/div>\n        <\/header>\n\t\t\n\t\t        <!-- button scroll -->\n        <a href=\"#spa\" data-scroll-nav=\"1\" class=\"mouse smoothscroll\">\n            <span class=\"mouse-icon\">\n                <span class=\"mouse-wheel\"><\/span>\n            <\/span>\n        <\/a>\t\n\t\t\t\t\t\t\t\t\t\t<\/div>\n\t\t\t\t<\/div>\n\t\t\t\t<\/div>\n\t\t<div class=\"elementor-element elementor-element-899a3a2 e-flex e-con-boxed e-con e-parent\" data-id=\"899a3a2\" data-element_type=\"container\" data-e-type=\"container\" id=\"spa\" data-settings=\"{&quot;background_background&quot;:&quot;classic&quot;}\">\n\t\t\t\t\t<div class=\"e-con-inner\">\n\t\t<div class=\"elementor-element elementor-element-1a80bb0a e-con-full e-flex e-con e-child\" data-id=\"1a80bb0a\" data-element_type=\"container\" data-e-type=\"container\">\n\t\t\t\t<div class=\"elementor-element elementor-element-643c1dae elementor-widget elementor-widget-patara-title\" data-id=\"643c1dae\" data-element_type=\"widget\" data-e-type=\"widget\" data-widget_type=\"patara-title.default\">\n\t\t\t\t<div class=\"elementor-widget-container\">\n\t\t\t\t\t\t\t\n\t\t\t\t\t\t\t\t<div class=\"sub-title border-bot-light\">\n\t\t\tWir bieten<\/h4><\/div>\n\t\t\t\t\t\n\t\t\t\n        \t\t\t\t<\/div>\n\t\t\t\t<\/div>\n\t\t\t\t<\/div>\n\t\t<div class=\"elementor-element elementor-element-3265ece9 e-con-full e-flex e-con e-child\" data-id=\"3265ece9\" data-element_type=\"container\" data-e-type=\"container\">\n\t\t\t\t<div class=\"elementor-element elementor-element-7ed46396 elementor-widget elementor-widget-patara-title\" data-id=\"7ed46396\" data-element_type=\"widget\" data-e-type=\"widget\" data-widget_type=\"patara-title.default\">\n\t\t\t\t<div class=\"elementor-widget-container\">\n\t\t\t\t\t\t\t\n\t\t\n\t\t\t\t\t\t\t\n\t\t\t<h4 class=\"section-title black text-left\">Rent-a-car<\/h4>\t\t\t\t\n\t\t\t<div class=\"section-text text-left black\"><p><p>Unser Autovermietungsservice bietet Ihnen den Komfort, sich frei und problemlos bewegen zu k\u00f6nnen, ganz gleich, wo Sie sind. W\u00e4hlen Sie aus einer Vielzahl gut gewarteter Autos, die sowohl f\u00fcr Gesch\u00e4fts- als auch f\u00fcr Urlaubsreisen geeignet sind. Jedes Auto ist mit allen modernen Annehmlichkeiten ausgestattet, um Ihren Komfort und Ihre Sicherheit auf der Stra\u00dfe zu gew\u00e4hrleisten.<\/p><\/p><\/div>\n        \n\t\t\t\n        \t\t\t\t<\/div>\n\t\t\t\t<\/div>\n\t\t\t\t<\/div>\n\t\t\t\t\t<\/div>\n\t\t\t\t<\/div>\n\t\t\t\t<\/div>\n\t\t","protected":false},"excerpt":{"rendered":"<p>La Casa Rent-a-car Wir bieten Rent-a-car Unser Autovermietungsservice bietet Ihnen den Komfort, sich frei und problemlos bewegen zu k\u00f6nnen, ganz gleich, wo Sie sind. W\u00e4hlen Sie aus einer Vielzahl gut gewarteter Autos, die sowohl f\u00fcr Gesch\u00e4fts- als auch f\u00fcr Urlaubsreisen geeignet sind. Jedes Auto ist mit allen modernen Annehmlichkeiten ausgestattet, um Ihren Komfort und Ihre Sicherheit auf der Stra\u00dfe zu<\/p>\n","protected":false},"author":1,"featured_media":0,"parent":0,"menu_order":0,"comment_status":"closed","ping_status":"closed","template":"","meta":{"inline_featured_image":false,"footnotes":"","_links_to":"","_links_to_target":""},"class_list":["post-3565","page","type-page","status-publish","hentry"],"meta_box":[],"_links":{"self":[{"href":"https:\/\/complexlacasa.com\/de\/wp-json\/wp\/v2\/pages\/3565","targetHints":{"allow":["GET"]}}],"collection":[{"href":"https:\/\/complexlacasa.com\/de\/wp-json\/wp\/v2\/pages"}],"about":[{"href":"https:\/\/complexlacasa.com\/de\/wp-json\/wp\/v2\/types\/page"}],"author":[{"embeddable":true,"href":"https:\/\/complexlacasa.com\/de\/wp-json\/wp\/v2\/users\/1"}],"replies":[{"embeddable":true,"href":"https:\/\/complexlacasa.com\/de\/wp-json\/wp\/v2\/comments?post=3565"}],"version-history":[{"count":4,"href":"https:\/\/complexlacasa.com\/de\/wp-json\/wp\/v2\/pages\/3565\/revisions"}],"predecessor-version":[{"id":3569,"href":"https:\/\/complexlacasa.com\/de\/wp-json\/wp\/v2\/pages\/3565\/revisions\/3569"}],"wp:attachment":[{"href":"https:\/\/complexlacasa.com\/de\/wp-json\/wp\/v2\/media?parent=3565"}],"curies":[{"name":"wp","href":"https:\/\/api.w.org\/{rel}","templated":true}]}}