{"id":3530,"date":"2024-12-02T14:12:40","date_gmt":"2024-12-02T12:12:40","guid":{"rendered":"https:\/\/complexlacasa.com\/?page_id=3530"},"modified":"2025-03-07T14:25:22","modified_gmt":"2025-03-07T12:25:22","slug":"weingut","status":"publish","type":"page","link":"https:\/\/complexlacasa.com\/de\/weingut\/","title":{"rendered":"Weingut"},"content":{"rendered":"\t\t<div data-elementor-type=\"wp-page\" data-elementor-id=\"3530\" class=\"elementor elementor-3530 elementor-2431\" data-elementor-post-type=\"page\">\n\t\t\t\t<div class=\"elementor-element elementor-element-42e9c5a2 e-con-full e-flex e-con e-parent\" data-id=\"42e9c5a2\" data-element_type=\"container\" data-e-type=\"container\">\n\t\t\t\t<div class=\"elementor-element elementor-element-56cdeef3 elementor-widget elementor-widget-patara-banner-slider\" data-id=\"56cdeef3\" data-element_type=\"widget\" data-e-type=\"widget\" id=\"restaurant\" data-widget_type=\"patara-banner-slider.default\">\n\t\t\t\t<div class=\"elementor-widget-container\">\n\t\t\t\t\t\t\t<header class=\"header slider-fade cd-intro-type-slider\">\n\t\t\t<div class=\"owl-carousel owl-theme\" data-carousel-autoplay=\"false\" data-carousel-speed=\"500\" data-carousel-timeout=\"5000\" data-carousel-nav=\"true\" data-rtl=\"false\" data-carousel-dots=\"false\" data-carousel-dots-mobile=\"false\" >\n\t\t\t\t<!-- The opacity on the image is made with \"data-overlay-dark=\"number\". You can change it using the numbers 0-9 -->\n\t\t\t\t\t\t\t\t\t\t\t\t<div class=\"text-center item bg-img bg-img-c\" data-overlay-dark=\"4\" data-background=\"https:\/\/complexlacasa.com\/wp-content\/uploads\/2024\/12\/exterior.jpg\">\n\t\t\t\t\n\t\t\t\t\t\t\t\t\t\t\t<div class=\"v-middle caption\">\n\t\t\t\t\t\t\t<div class=\"container\">\n\t\t\t\t\t\t\t\t<div class=\"row\">\n\t\t\t\t\t\t\t\t\t<div class=\"col-md-12 offset-0\">\n\t\t\t\t\t\t\t\t\t\t<div class=\"o-hidden\">\n\t\t\t\t\t\t\t\t\t\t    \t\t\t\t\t\t\t\t\t\t\t\n\t\t\t\t\t\t\t\t\t\t\t\t\t\t\t\t\t\t\t\t\t\t\n\t\t\t\t\t\t\t\t\t\t\t\t\t\t\t\t\t\t\t\t\t\t<h4 class=\"pt-slider-title1-class\">LA CASA<\/h4>\n\t\t\t\t\t\t\t\t\t\t\t\t\t\t\t\t\t\t\t\t\t\t\t\t\t\t\t\t\t\t\t\t\t<h1 class=\"pt-slider-title2-class\">Weingut<\/h1>\n\t\t\t\t\t\t\t\t\t\t\t\t\t\t\t\t\t\t\t\t\t\t\t\t\t\t\t\t\t\t\t\t<\/div>\n\t\t\t\t\t\t\t\t\t<\/div>\n\t\t\t\t\t\t\t\t<\/div>\n\t\t\t\t\t\t\t<\/div>\n\t\t\t\t\t\t<\/div>\n\t\t\t\t\t\t\t\t\t<\/div>\n\t\t\t\t\t\t\t\t\t\t\t\t\n\t\t\t<\/div>\n        <\/header>\n\t\t\n\t\t        <!-- button scroll -->\n        <a href=\"#hours\" data-scroll-nav=\"1\" class=\"mouse smoothscroll\">\n            <span class=\"mouse-icon\">\n                <span class=\"mouse-wheel\"><\/span>\n            <\/span>\n        <\/a>\t\n\t\t\t\t\t\t\t\t\t\t<\/div>\n\t\t\t\t<\/div>\n\t\t\t\t<\/div>\n\t\t<div class=\"elementor-element elementor-element-64aa6c3f e-flex e-con-boxed e-con e-parent\" data-id=\"64aa6c3f\" data-element_type=\"container\" data-e-type=\"container\" id=\"hours\" data-settings=\"{&quot;background_background&quot;:&quot;classic&quot;}\">\n\t\t\t\t\t<div class=\"e-con-inner\">\n\t\t<div class=\"elementor-element elementor-element-443e71ec e-con-full e-flex e-con e-child\" data-id=\"443e71ec\" data-element_type=\"container\" data-e-type=\"container\">\n\t\t\t\t<div class=\"elementor-element elementor-element-46a7ac77 elementor-widget elementor-widget-patara-title\" data-id=\"46a7ac77\" data-element_type=\"widget\" data-e-type=\"widget\" data-widget_type=\"patara-title.default\">\n\t\t\t\t<div class=\"elementor-widget-container\">\n\t\t\t\t\t\t\t\n\t\t\t\t\t\t\t\t<div class=\"sub-title border-bot-light\">\n\t\t\t\u00dcber unser<\/h4><\/div>\n\t\t\t\t\t\n\t\t\t\n        \t\t\t\t<\/div>\n\t\t\t\t<\/div>\n\t\t\t\t<\/div>\n\t\t<div class=\"elementor-element elementor-element-4556f159 e-con-full e-flex e-con e-child\" data-id=\"4556f159\" data-element_type=\"container\" data-e-type=\"container\">\n\t\t\t\t<div class=\"elementor-element elementor-element-9eb6864 elementor-widget elementor-widget-patara-title\" data-id=\"9eb6864\" data-element_type=\"widget\" data-e-type=\"widget\" data-widget_type=\"patara-title.default\">\n\t\t\t\t<div class=\"elementor-widget-container\">\n\t\t\t\t\t\t\t\n\t\t\n\t\t\t\t\t\t\t\n\t\t\t<h4 class=\"section-title black text-left\">Weingut<\/h4>\t\t\t\t\n\t\t\t<div class=\"section-text text-left black\"><p><p>Der Komplex verf\u00fcgt \u00fcber eine eigene Kellerei zur Herstellung und zum Verkauf hochwertiger Weine.<\/p><p>Quellen aus tiefster Antike belegen, dass die Menschen, die diese L\u00e4nder bewohnten, Weinbau und Weinherstellung betrieben.<\/p><p>Um diese Tradition fortzuf\u00fchren, haben wir ein kleines Weingut gegr\u00fcndet, in dem wir eine begrenzte Menge hervorragenden Weines produzieren.<\/p><p>Es werden ausschlie\u00dflich gebietstypische Trauben hoher Qualit\u00e4t aus stadtnahen Weing\u00e4rten verwendet. Warna<\/p><p>Wir sagen gerne: \u201eEchter Wein entsteht aus guten Trauben und guten Freunden!\u201c<\/p><\/p><\/div>\n        \n\t\t\t\n        \t\t\t\t<\/div>\n\t\t\t\t<\/div>\n\t\t\t\t<\/div>\n\t\t\t\t\t<\/div>\n\t\t\t\t<\/div>\n\t\t\t\t<\/div>\n\t\t","protected":false},"excerpt":{"rendered":"<p>LA CASA Weingut \u00dcber unser Weingut Der Komplex verf\u00fcgt \u00fcber eine eigene Kellerei zur Herstellung und zum Verkauf hochwertiger Weine. Quellen aus tiefster Antike belegen, dass die Menschen, die diese L\u00e4nder bewohnten, Weinbau und Weinherstellung betrieben. Um diese Tradition fortzuf\u00fchren, haben wir ein kleines Weingut gegr\u00fcndet, in dem wir eine begrenzte Menge hervorragenden Weines produzieren. Es werden ausschlie\u00dflich gebietstypische Trauben<\/p>\n","protected":false},"author":1,"featured_media":0,"parent":0,"menu_order":0,"comment_status":"closed","ping_status":"closed","template":"","meta":{"inline_featured_image":false,"footnotes":"","_links_to":"","_links_to_target":""},"class_list":["post-3530","page","type-page","status-publish","hentry"],"meta_box":[],"_links":{"self":[{"href":"https:\/\/complexlacasa.com\/de\/wp-json\/wp\/v2\/pages\/3530","targetHints":{"allow":["GET"]}}],"collection":[{"href":"https:\/\/complexlacasa.com\/de\/wp-json\/wp\/v2\/pages"}],"about":[{"href":"https:\/\/complexlacasa.com\/de\/wp-json\/wp\/v2\/types\/page"}],"author":[{"embeddable":true,"href":"https:\/\/complexlacasa.com\/de\/wp-json\/wp\/v2\/users\/1"}],"replies":[{"embeddable":true,"href":"https:\/\/complexlacasa.com\/de\/wp-json\/wp\/v2\/comments?post=3530"}],"version-history":[{"count":5,"href":"https:\/\/complexlacasa.com\/de\/wp-json\/wp\/v2\/pages\/3530\/revisions"}],"predecessor-version":[{"id":3538,"href":"https:\/\/complexlacasa.com\/de\/wp-json\/wp\/v2\/pages\/3530\/revisions\/3538"}],"wp:attachment":[{"href":"https:\/\/complexlacasa.com\/de\/wp-json\/wp\/v2\/media?parent=3530"}],"curies":[{"name":"wp","href":"https:\/\/api.w.org\/{rel}","templated":true}]}}